{"id":874,"date":"2024-02-22T17:00:39","date_gmt":"2024-02-22T20:00:39","guid":{"rendered":"https:\/\/guscla.com\/?page_id=874"},"modified":"2024-04-11T18:31:50","modified_gmt":"2024-04-11T21:31:50","slug":"quem-somos","status":"publish","type":"page","link":"https:\/\/guscla.com\/it\/quem-somos\/","title":{"rendered":"Chi siamo"},"content":{"rendered":"<div data-elementor-type=\"wp-page\" data-elementor-id=\"874\" class=\"elementor elementor-874\" data-elementor-post-type=\"page\">\n\t\t\t\t<div class=\"elementor-element elementor-element-bbdf48a e-con-full e-flex e-con e-parent\" data-id=\"bbdf48a\" data-element_type=\"container\" data-settings=\"{&quot;background_background&quot;:&quot;classic&quot;}\">\n\t\t<div class=\"elementor-element elementor-element-2d9eed3 e-con-full e-flex e-con e-child\" data-id=\"2d9eed3\" data-element_type=\"container\">\n\t\t\t\t<div class=\"elementor-element elementor-element-60902fe elementor-invisible elementor-widget elementor-widget-heading\" data-id=\"60902fe\" data-element_type=\"widget\" data-settings=\"{&quot;_animation&quot;:&quot;fadeInDown&quot;}\" data-widget_type=\"heading.default\">\n\t\t\t\t<div class=\"elementor-widget-container\">\n\t\t\t\t\t<h2 class=\"elementor-heading-title elementor-size-default\">Siamo il partner strategico che la tua azienda merita<\/h2>\t\t\t\t<\/div>\n\t\t\t\t<\/div>\n\t\t\t\t<\/div>\n\t\t<div class=\"elementor-element elementor-element-4bc28e2 e-con-full e-flex e-con e-child\" data-id=\"4bc28e2\" data-element_type=\"container\">\n\t\t\t\t<div class=\"elementor-element elementor-element-8783024 elementor-widget elementor-widget-image\" data-id=\"8783024\" data-element_type=\"widget\" data-widget_type=\"image.default\">\n\t\t\t\t<div class=\"elementor-widget-container\">\n\t\t\t\t\t\t\t\t\t\t\t\t\t\t\t<img fetchpriority=\"high\" decoding=\"async\" width=\"640\" height=\"640\" src=\"https:\/\/guscla.com\/wp-content\/uploads\/2020\/09\/tech-startup-team-member.jpg\" class=\"attachment-full size-full wp-image-99\" alt=\"\" srcset=\"https:\/\/guscla.com\/wp-content\/uploads\/2020\/09\/tech-startup-team-member.jpg 640w, https:\/\/guscla.com\/wp-content\/uploads\/2020\/09\/tech-startup-team-member-300x300.jpg 300w, https:\/\/guscla.com\/wp-content\/uploads\/2020\/09\/tech-startup-team-member-150x150.jpg 150w\" sizes=\"(max-width: 640px) 100vw, 640px\" \/>\t\t\t\t\t\t\t\t\t\t\t\t\t\t\t<\/div>\n\t\t\t\t<\/div>\n\t\t\t\t<\/div>\n\t\t\t\t<\/div>\n\t\t<div class=\"elementor-element elementor-element-89d0529 e-flex e-con-boxed e-con e-parent\" data-id=\"89d0529\" data-element_type=\"container\">\n\t\t\t\t\t<div class=\"e-con-inner\">\n\t\t<div class=\"elementor-element elementor-element-9758f6a e-con-full e-flex e-con e-child\" data-id=\"9758f6a\" data-element_type=\"container\">\n\t\t<div class=\"elementor-element elementor-element-a08ccf7 e-flex e-con-boxed e-con e-child\" data-id=\"a08ccf7\" data-element_type=\"container\">\n\t\t\t\t\t<div class=\"e-con-inner\">\n\t\t<div class=\"elementor-element elementor-element-6b95e2b e-con-full e-flex e-con e-child\" data-id=\"6b95e2b\" data-element_type=\"container\">\n\t\t\t\t<div class=\"elementor-element elementor-element-d4d4443 elementor-hidden-mobile elementor-widget elementor-widget-image\" data-id=\"d4d4443\" data-element_type=\"widget\" data-widget_type=\"image.default\">\n\t\t\t\t<div class=\"elementor-widget-container\">\n\t\t\t\t\t\t\t\t\t\t\t\t\t\t\t<img decoding=\"async\" width=\"720\" height=\"480\" src=\"https:\/\/guscla.com\/wp-content\/uploads\/2020\/09\/tech-startup-team-meet-up.jpg\" class=\"attachment-full size-full wp-image-103\" alt=\"\" srcset=\"https:\/\/guscla.com\/wp-content\/uploads\/2020\/09\/tech-startup-team-meet-up.jpg 720w, https:\/\/guscla.com\/wp-content\/uploads\/2020\/09\/tech-startup-team-meet-up-300x200.jpg 300w, https:\/\/guscla.com\/wp-content\/uploads\/2020\/09\/tech-startup-team-meet-up-272x182.jpg 272w\" sizes=\"(max-width: 720px) 100vw, 720px\" \/>\t\t\t\t\t\t\t\t\t\t\t\t\t\t\t<\/div>\n\t\t\t\t<\/div>\n\t\t\t\t<\/div>\n\t\t<div class=\"elementor-element elementor-element-4cc4f9e e-con-full e-flex e-con e-child\" data-id=\"4cc4f9e\" data-element_type=\"container\">\n\t\t\t\t<div class=\"elementor-element elementor-element-725874d elementor-widget elementor-widget-text-editor\" data-id=\"725874d\" data-element_type=\"widget\" data-widget_type=\"text-editor.default\">\n\t\t\t\t<div class=\"elementor-widget-container\">\n\t\t\t\t\t\t\t\t\t<p><span style=\"font-weight: 400;\">Il marchio Guscla nasce nel 2015, frutto della creazione di una startup per implementare un&#039;innovativa applicazione self-service per bar e ristoranti.<\/span><\/p><p><span style=\"font-weight: 400;\">Sebbene la startup nel 2015 sia diventata il marchio del Gruppo, i suoi inizi sono avvenuti molto pi\u00f9 tempo fa.\u00a0<\/span><\/p><p><span style=\"font-weight: 400;\">Guscla opera sul mercato attraverso partnership nei servizi di consulenza, advisory e sviluppo software.<\/span><\/p>\t\t\t\t\t\t\t\t<\/div>\n\t\t\t\t<\/div>\n\t\t\t\t<\/div>\n\t\t\t\t\t<\/div>\n\t\t\t\t<\/div>\n\t\t<div class=\"elementor-element elementor-element-9619465 e-flex e-con-boxed e-con e-child\" data-id=\"9619465\" data-element_type=\"container\">\n\t\t\t\t\t<div class=\"e-con-inner\">\n\t\t<div class=\"elementor-element elementor-element-00ea4fc e-con-full e-flex e-con e-child\" data-id=\"00ea4fc\" data-element_type=\"container\">\n\t\t\t\t<div class=\"elementor-element elementor-element-5072935 elementor-widget elementor-widget-text-editor\" data-id=\"5072935\" data-element_type=\"widget\" data-widget_type=\"text-editor.default\">\n\t\t\t\t<div class=\"elementor-widget-container\">\n\t\t\t\t\t\t\t\t\t<p><span style=\"font-weight: 400;\">Zucchetti \u00e8 il partner che opera sul mercato da pi\u00f9 tempo, con pi\u00f9 di 50 anni di esperienza. Villa Boa Contabilidade ha 36 anni di esperienza in materia contabile. In definitiva, tutte le nostre partnership mirano a fornire un team esperto, multidisciplinare e impegnato.<\/span><\/p>\t\t\t\t\t\t\t\t<\/div>\n\t\t\t\t<\/div>\n\t\t\t\t<\/div>\n\t\t<div class=\"elementor-element elementor-element-7d3ac1d e-con-full e-flex e-con e-child\" data-id=\"7d3ac1d\" data-element_type=\"container\">\n\t\t\t\t<div class=\"elementor-element elementor-element-478e4ed elementor-widget elementor-widget-image\" data-id=\"478e4ed\" data-element_type=\"widget\" data-widget_type=\"image.default\">\n\t\t\t\t<div class=\"elementor-widget-container\">\n\t\t\t\t\t\t\t\t\t\t\t\t\t\t\t<img decoding=\"async\" width=\"720\" height=\"480\" src=\"https:\/\/guscla.com\/wp-content\/uploads\/2020\/09\/tech-startup-team-member-meeting.jpg\" class=\"attachment-full size-full wp-image-106\" alt=\"\" srcset=\"https:\/\/guscla.com\/wp-content\/uploads\/2020\/09\/tech-startup-team-member-meeting.jpg 720w, https:\/\/guscla.com\/wp-content\/uploads\/2020\/09\/tech-startup-team-member-meeting-300x200.jpg 300w, https:\/\/guscla.com\/wp-content\/uploads\/2020\/09\/tech-startup-team-member-meeting-272x182.jpg 272w\" sizes=\"(max-width: 720px) 100vw, 720px\" \/>\t\t\t\t\t\t\t\t\t\t\t\t\t\t\t<\/div>\n\t\t\t\t<\/div>\n\t\t\t\t<\/div>\n\t\t\t\t\t<\/div>\n\t\t\t\t<\/div>\n\t\t\t\t<\/div>\n\t\t\t\t\t<\/div>\n\t\t\t\t<\/div>\n\t\t<div class=\"elementor-element elementor-element-f58d691 e-con-full e-flex e-con e-parent\" data-id=\"f58d691\" data-element_type=\"container\" data-settings=\"{&quot;background_background&quot;:&quot;classic&quot;}\">\n\t\t\t\t<div class=\"elementor-element elementor-element-6d79945 elementor-invisible elementor-widget elementor-widget-heading\" data-id=\"6d79945\" data-element_type=\"widget\" data-settings=\"{&quot;_animation&quot;:&quot;zoomIn&quot;}\" data-widget_type=\"heading.default\">\n\t\t\t\t<div class=\"elementor-widget-container\">\n\t\t\t\t\t<h2 class=\"elementor-heading-title elementor-size-default\">Assumendo Guscla, la tua azienda avr\u00e0 mentori con pi\u00f9 di 30 anni di esperienza, cos\u00ec come professionisti pi\u00f9 giovani impegnati con le nuove tecnologie, che insieme forniscono un equilibrio perfetto per utilizzare in modo sicuro ed efficiente le innovazioni emergenti, aiutando la tua organizzazione a sfruttare le opportunit\u00e0 di cambiamento. nel mercato e superare le varie sfide del tuo business.<\/h2>\t\t\t\t<\/div>\n\t\t\t\t<\/div>\n\t\t\t\t<\/div>\n\t\t<div class=\"elementor-element elementor-element-89c4a56 e-flex e-con-boxed e-con e-parent\" data-id=\"89c4a56\" data-element_type=\"container\">\n\t\t\t\t\t<div class=\"e-con-inner\">\n\t\t\t\t<div class=\"elementor-element elementor-element-bb096ad elementor-widget elementor-widget-heading\" data-id=\"bb096ad\" data-element_type=\"widget\" data-widget_type=\"heading.default\">\n\t\t\t\t<div class=\"elementor-widget-container\">\n\t\t\t\t\t<h2 class=\"elementor-heading-title elementor-size-default\">Partner<\/h2>\t\t\t\t<\/div>\n\t\t\t\t<\/div>\n\t\t\t\t\t<\/div>\n\t\t\t\t<\/div>\n\t\t<div class=\"elementor-element elementor-element-0f66e64 e-flex e-con-boxed e-con e-parent\" data-id=\"0f66e64\" data-element_type=\"container\">\n\t\t\t\t\t<div class=\"e-con-inner\">\n\t\t<div class=\"elementor-element elementor-element-9f0fabe e-con-full e-flex e-con e-child\" data-id=\"9f0fabe\" data-element_type=\"container\">\n\t\t\t\t<div class=\"elementor-element elementor-element-eef20e1 elementor-widget elementor-widget-image\" data-id=\"eef20e1\" data-element_type=\"widget\" data-widget_type=\"image.default\">\n\t\t\t\t<div class=\"elementor-widget-container\">\n\t\t\t\t\t\t\t\t\t\t\t\t\t\t\t<img loading=\"lazy\" decoding=\"async\" width=\"400\" height=\"98\" src=\"https:\/\/guscla.com\/wp-content\/uploads\/2024\/02\/logo-zuchetti.png\" class=\"attachment-large size-large wp-image-1192\" alt=\"\" srcset=\"https:\/\/guscla.com\/wp-content\/uploads\/2024\/02\/logo-zuchetti.png 400w, https:\/\/guscla.com\/wp-content\/uploads\/2024\/02\/logo-zuchetti-300x74.png 300w\" sizes=\"(max-width: 400px) 100vw, 400px\" \/>\t\t\t\t\t\t\t\t\t\t\t\t\t\t\t<\/div>\n\t\t\t\t<\/div>\n\t\t\t\t<div class=\"elementor-element elementor-element-188a374 elementor-widget elementor-widget-text-editor\" data-id=\"188a374\" data-element_type=\"widget\" data-widget_type=\"text-editor.default\">\n\t\t\t\t<div class=\"elementor-widget-container\">\n\t\t\t\t\t\t\t\t\t<p><span style=\"font-weight: 400;\">Con pi\u00f9 di 8.000 dipendenti, una rete di oltre 2.000 partner nel mondo, pi\u00f9 di 800.000 clienti, il Gruppo ZUCCHETTI \u00e8 una delle aziende pi\u00f9 importanti del settore IT.<\/span><\/p>\t\t\t\t\t\t\t\t<\/div>\n\t\t\t\t<\/div>\n\t\t\t\t<\/div>\n\t\t\t\t\t<\/div>\n\t\t\t\t<\/div>\n\t\t<div class=\"elementor-element elementor-element-081fc59 e-flex e-con-boxed e-con e-parent\" data-id=\"081fc59\" data-element_type=\"container\">\n\t\t\t\t\t<div class=\"e-con-inner\">\n\t\t\t\t<div class=\"elementor-element elementor-element-d26cac5 animated-fast elementor-invisible elementor-widget elementor-widget-image\" data-id=\"d26cac5\" data-element_type=\"widget\" data-settings=\"{&quot;_animation&quot;:&quot;fadeInUp&quot;}\" data-widget_type=\"image.default\">\n\t\t\t\t<div class=\"elementor-widget-container\">\n\t\t\t\t\t\t\t\t\t\t\t\t\t\t\t<img loading=\"lazy\" decoding=\"async\" width=\"300\" height=\"300\" src=\"https:\/\/guscla.com\/wp-content\/uploads\/2024\/02\/i01.png\" class=\"attachment-large size-large wp-image-1194\" alt=\"\" srcset=\"https:\/\/guscla.com\/wp-content\/uploads\/2024\/02\/i01.png 300w, https:\/\/guscla.com\/wp-content\/uploads\/2024\/02\/i01-150x150.png 150w\" sizes=\"(max-width: 300px) 100vw, 300px\" \/>\t\t\t\t\t\t\t\t\t\t\t\t\t\t\t<\/div>\n\t\t\t\t<\/div>\n\t\t\t\t<div class=\"elementor-element elementor-element-14d9a73 animated-fast elementor-invisible elementor-widget elementor-widget-image\" data-id=\"14d9a73\" data-element_type=\"widget\" data-settings=\"{&quot;_animation&quot;:&quot;fadeInUp&quot;,&quot;_animation_delay&quot;:100}\" data-widget_type=\"image.default\">\n\t\t\t\t<div class=\"elementor-widget-container\">\n\t\t\t\t\t\t\t\t\t\t\t\t\t\t\t<img loading=\"lazy\" decoding=\"async\" width=\"300\" height=\"300\" src=\"https:\/\/guscla.com\/wp-content\/uploads\/2024\/02\/i02.png\" class=\"attachment-large size-large wp-image-1195\" alt=\"\" srcset=\"https:\/\/guscla.com\/wp-content\/uploads\/2024\/02\/i02.png 300w, https:\/\/guscla.com\/wp-content\/uploads\/2024\/02\/i02-150x150.png 150w\" sizes=\"(max-width: 300px) 100vw, 300px\" \/>\t\t\t\t\t\t\t\t\t\t\t\t\t\t\t<\/div>\n\t\t\t\t<\/div>\n\t\t\t\t<div class=\"elementor-element elementor-element-dc085d8 animated-fast elementor-invisible elementor-widget elementor-widget-image\" data-id=\"dc085d8\" data-element_type=\"widget\" data-settings=\"{&quot;_animation&quot;:&quot;fadeInUp&quot;,&quot;_animation_delay&quot;:200}\" data-widget_type=\"image.default\">\n\t\t\t\t<div class=\"elementor-widget-container\">\n\t\t\t\t\t\t\t\t\t\t\t\t\t\t\t<img loading=\"lazy\" decoding=\"async\" width=\"300\" height=\"300\" src=\"https:\/\/guscla.com\/wp-content\/uploads\/2024\/02\/i03.png\" class=\"attachment-large size-large wp-image-1196\" alt=\"\" srcset=\"https:\/\/guscla.com\/wp-content\/uploads\/2024\/02\/i03.png 300w, https:\/\/guscla.com\/wp-content\/uploads\/2024\/02\/i03-150x150.png 150w\" sizes=\"(max-width: 300px) 100vw, 300px\" \/>\t\t\t\t\t\t\t\t\t\t\t\t\t\t\t<\/div>\n\t\t\t\t<\/div>\n\t\t\t\t<div class=\"elementor-element elementor-element-9ac6daa animated-fast elementor-invisible elementor-widget elementor-widget-image\" data-id=\"9ac6daa\" data-element_type=\"widget\" data-settings=\"{&quot;_animation&quot;:&quot;fadeInUp&quot;,&quot;_animation_delay&quot;:300}\" data-widget_type=\"image.default\">\n\t\t\t\t<div class=\"elementor-widget-container\">\n\t\t\t\t\t\t\t\t\t\t\t\t\t\t\t<img loading=\"lazy\" decoding=\"async\" width=\"300\" height=\"300\" src=\"https:\/\/guscla.com\/wp-content\/uploads\/2024\/02\/0200.png\" class=\"attachment-large size-large wp-image-1400\" alt=\"\" srcset=\"https:\/\/guscla.com\/wp-content\/uploads\/2024\/02\/0200.png 300w, https:\/\/guscla.com\/wp-content\/uploads\/2024\/02\/0200-150x150.png 150w, https:\/\/guscla.com\/wp-content\/uploads\/2024\/02\/0200-12x12.png 12w\" sizes=\"(max-width: 300px) 100vw, 300px\" \/>\t\t\t\t\t\t\t\t\t\t\t\t\t\t\t<\/div>\n\t\t\t\t<\/div>\n\t\t\t\t<div class=\"elementor-element elementor-element-ea0ff86 animated-fast elementor-invisible elementor-widget elementor-widget-image\" data-id=\"ea0ff86\" data-element_type=\"widget\" data-settings=\"{&quot;_animation&quot;:&quot;fadeInUp&quot;,&quot;_animation_delay&quot;:400}\" data-widget_type=\"image.default\">\n\t\t\t\t<div class=\"elementor-widget-container\">\n\t\t\t\t\t\t\t\t\t\t\t\t\t\t\t<img loading=\"lazy\" decoding=\"async\" width=\"300\" height=\"300\" src=\"https:\/\/guscla.com\/wp-content\/uploads\/2024\/02\/8000.png\" class=\"attachment-large size-large wp-image-1399\" alt=\"\" srcset=\"https:\/\/guscla.com\/wp-content\/uploads\/2024\/02\/8000.png 300w, https:\/\/guscla.com\/wp-content\/uploads\/2024\/02\/8000-150x150.png 150w, https:\/\/guscla.com\/wp-content\/uploads\/2024\/02\/8000-12x12.png 12w\" sizes=\"(max-width: 300px) 100vw, 300px\" \/>\t\t\t\t\t\t\t\t\t\t\t\t\t\t\t<\/div>\n\t\t\t\t<\/div>\n\t\t\t\t<div class=\"elementor-element elementor-element-03fa747 animated-fast elementor-invisible elementor-widget elementor-widget-image\" data-id=\"03fa747\" data-element_type=\"widget\" data-settings=\"{&quot;_animation&quot;:&quot;fadeInUp&quot;,&quot;_animation_delay&quot;:500}\" data-widget_type=\"image.default\">\n\t\t\t\t<div class=\"elementor-widget-container\">\n\t\t\t\t\t\t\t\t\t\t\t\t\t\t\t<img loading=\"lazy\" decoding=\"async\" width=\"300\" height=\"300\" src=\"https:\/\/guscla.com\/wp-content\/uploads\/2024\/02\/i06.png\" class=\"attachment-large size-large wp-image-1199\" alt=\"\" srcset=\"https:\/\/guscla.com\/wp-content\/uploads\/2024\/02\/i06.png 300w, https:\/\/guscla.com\/wp-content\/uploads\/2024\/02\/i06-150x150.png 150w\" sizes=\"(max-width: 300px) 100vw, 300px\" \/>\t\t\t\t\t\t\t\t\t\t\t\t\t\t\t<\/div>\n\t\t\t\t<\/div>\n\t\t\t\t\t<\/div>\n\t\t\t\t<\/div>\n\t\t<div class=\"elementor-element elementor-element-0f1e00b e-flex e-con-boxed e-con e-parent\" data-id=\"0f1e00b\" data-element_type=\"container\">\n\t\t\t\t\t<div class=\"e-con-inner\">\n\t\t\t\t<div class=\"elementor-element elementor-element-ad0fef0 elementor-widget-divider--view-line elementor-widget elementor-widget-divider\" data-id=\"ad0fef0\" data-element_type=\"widget\" data-widget_type=\"divider.default\">\n\t\t\t\t<div class=\"elementor-widget-container\">\n\t\t\t\t\t\t\t<div class=\"elementor-divider\">\n\t\t\t<span class=\"elementor-divider-separator\">\n\t\t\t\t\t\t<\/span>\n\t\t<\/div>\n\t\t\t\t\t\t<\/div>\n\t\t\t\t<\/div>\n\t\t\t\t\t<\/div>\n\t\t\t\t<\/div>\n\t\t<div class=\"elementor-element elementor-element-4f97565 e-flex e-con-boxed e-con e-parent\" data-id=\"4f97565\" data-element_type=\"container\">\n\t\t\t\t\t<div class=\"e-con-inner\">\n\t\t<div class=\"elementor-element elementor-element-0a25804 e-con-full e-flex e-con e-child\" data-id=\"0a25804\" data-element_type=\"container\">\n\t\t\t\t<div class=\"elementor-element elementor-element-0858d49 elementor-widget elementor-widget-image\" data-id=\"0858d49\" data-element_type=\"widget\" data-widget_type=\"image.default\">\n\t\t\t\t<div class=\"elementor-widget-container\">\n\t\t\t\t\t\t\t\t\t\t\t\t\t\t\t<img loading=\"lazy\" decoding=\"async\" width=\"211\" height=\"208\" src=\"https:\/\/guscla.com\/wp-content\/uploads\/2024\/04\/LOGO-VILABOA.png\" class=\"attachment-large size-large wp-image-1449\" alt=\"\" srcset=\"https:\/\/guscla.com\/wp-content\/uploads\/2024\/04\/LOGO-VILABOA.png 211w, https:\/\/guscla.com\/wp-content\/uploads\/2024\/04\/LOGO-VILABOA-12x12.png 12w\" sizes=\"(max-width: 211px) 100vw, 211px\" \/>\t\t\t\t\t\t\t\t\t\t\t\t\t\t\t<\/div>\n\t\t\t\t<\/div>\n\t\t\t\t<div class=\"elementor-element elementor-element-52e89ea elementor-widget elementor-widget-text-editor\" data-id=\"52e89ea\" data-element_type=\"widget\" data-widget_type=\"text-editor.default\">\n\t\t\t\t<div class=\"elementor-widget-container\">\n\t\t\t\t\t\t\t\t\t<p style=\"text-align: center;\"><strong>Villa Boa Contabilit\u00e0<\/strong><\/p><p style=\"text-align: center;\"><span style=\"font-weight: 400;\">36 anni di esperienza contabile al servizio del tuo successo!<\/span><\/p>\t\t\t\t\t\t\t\t<\/div>\n\t\t\t\t<\/div>\n\t\t\t\t<\/div>\n\t\t\t\t\t<\/div>\n\t\t\t\t<\/div>\n\t\t<div class=\"elementor-element elementor-element-c597552 e-flex e-con-boxed e-con e-parent\" data-id=\"c597552\" data-element_type=\"container\">\n\t\t\t\t\t<div class=\"e-con-inner\">\n\t\t\t\t<div class=\"elementor-element elementor-element-0728843 elementor-widget-divider--view-line elementor-widget elementor-widget-divider\" data-id=\"0728843\" data-element_type=\"widget\" data-widget_type=\"divider.default\">\n\t\t\t\t<div class=\"elementor-widget-container\">\n\t\t\t\t\t\t\t<div class=\"elementor-divider\">\n\t\t\t<span class=\"elementor-divider-separator\">\n\t\t\t\t\t\t<\/span>\n\t\t<\/div>\n\t\t\t\t\t\t<\/div>\n\t\t\t\t<\/div>\n\t\t\t\t\t<\/div>\n\t\t\t\t<\/div>\n\t\t<div class=\"elementor-element elementor-element-60ba561 e-flex e-con-boxed e-con e-parent\" data-id=\"60ba561\" data-element_type=\"container\">\n\t\t\t\t\t<div class=\"e-con-inner\">\n\t\t<div class=\"elementor-element elementor-element-8c511fb e-con-full e-flex e-con e-child\" data-id=\"8c511fb\" data-element_type=\"container\">\n\t\t\t\t<div class=\"elementor-element elementor-element-e25c621 elementor-widget elementor-widget-image\" data-id=\"e25c621\" data-element_type=\"widget\" data-widget_type=\"image.default\">\n\t\t\t\t<div class=\"elementor-widget-container\">\n\t\t\t\t\t\t\t\t\t\t\t\t\t\t\t<img loading=\"lazy\" decoding=\"async\" width=\"414\" height=\"72\" src=\"https:\/\/guscla.com\/wp-content\/uploads\/2024\/02\/agil-1.png\" class=\"attachment-large size-large wp-image-1213\" alt=\"\" srcset=\"https:\/\/guscla.com\/wp-content\/uploads\/2024\/02\/agil-1.png 414w, https:\/\/guscla.com\/wp-content\/uploads\/2024\/02\/agil-1-300x52.png 300w\" sizes=\"(max-width: 414px) 100vw, 414px\" \/>\t\t\t\t\t\t\t\t\t\t\t\t\t\t\t<\/div>\n\t\t\t\t<\/div>\n\t\t\t\t<div class=\"elementor-element elementor-element-e4e76d1 elementor-widget elementor-widget-text-editor\" data-id=\"e4e76d1\" data-element_type=\"widget\" data-widget_type=\"text-editor.default\">\n\t\t\t\t<div class=\"elementor-widget-container\">\n\t\t\t\t\t\t\t\t\t<p><span style=\"font-weight: 400;\">\u201cLa tecnologia al servizio del tuo successo\u201d, crediamo che \u201cTutto pu\u00f2 essere pi\u00f9 agile\u201d. Semplicit\u00e0 e agilit\u00e0 \u00e8 ci\u00f2 che offriamo alla tua attivit\u00e0.<\/span><\/p>\t\t\t\t\t\t\t\t<\/div>\n\t\t\t\t<\/div>\n\t\t\t\t<\/div>\n\t\t\t\t\t<\/div>\n\t\t\t\t<\/div>\n\t\t<div class=\"elementor-element elementor-element-de08411 e-flex e-con-boxed e-con e-parent\" data-id=\"de08411\" data-element_type=\"container\">\n\t\t\t\t\t<div class=\"e-con-inner\">\n\t\t\t\t<div class=\"elementor-element elementor-element-5e4ec26 elementor-widget-divider--view-line elementor-widget elementor-widget-divider\" data-id=\"5e4ec26\" data-element_type=\"widget\" data-widget_type=\"divider.default\">\n\t\t\t\t<div class=\"elementor-widget-container\">\n\t\t\t\t\t\t\t<div class=\"elementor-divider\">\n\t\t\t<span class=\"elementor-divider-separator\">\n\t\t\t\t\t\t<\/span>\n\t\t<\/div>\n\t\t\t\t\t\t<\/div>\n\t\t\t\t<\/div>\n\t\t\t\t\t<\/div>\n\t\t\t\t<\/div>\n\t\t<div class=\"elementor-element elementor-element-e8e0135 e-flex e-con-boxed e-con e-parent\" data-id=\"e8e0135\" data-element_type=\"container\">\n\t\t\t\t\t<div class=\"e-con-inner\">\n\t\t<div class=\"elementor-element elementor-element-2f84935 e-con-full e-flex e-con e-child\" data-id=\"2f84935\" data-element_type=\"container\">\n\t\t\t\t<div class=\"elementor-element elementor-element-756dc16 elementor-widget elementor-widget-image\" data-id=\"756dc16\" data-element_type=\"widget\" data-widget_type=\"image.default\">\n\t\t\t\t<div class=\"elementor-widget-container\">\n\t\t\t\t\t\t\t\t\t\t\t\t\t\t\t<img loading=\"lazy\" decoding=\"async\" width=\"296\" height=\"134\" src=\"https:\/\/guscla.com\/wp-content\/uploads\/2024\/04\/LOGO-SPR-DATA.png\" class=\"attachment-large size-large wp-image-1452\" alt=\"\" srcset=\"https:\/\/guscla.com\/wp-content\/uploads\/2024\/04\/LOGO-SPR-DATA.png 296w, https:\/\/guscla.com\/wp-content\/uploads\/2024\/04\/LOGO-SPR-DATA-18x8.png 18w\" sizes=\"(max-width: 296px) 100vw, 296px\" \/>\t\t\t\t\t\t\t\t\t\t\t\t\t\t\t<\/div>\n\t\t\t\t<\/div>\n\t\t\t\t<div class=\"elementor-element elementor-element-0ce008a elementor-widget elementor-widget-text-editor\" data-id=\"0ce008a\" data-element_type=\"widget\" data-widget_type=\"text-editor.default\">\n\t\t\t\t<div class=\"elementor-widget-container\">\n\t\t\t\t\t\t\t\t\t<p style=\"text-align: center;\"><strong>Informatica SPRDATA<\/strong><\/p><p style=\"text-align: center;\"><span style=\"font-weight: 400;\">Sistema di gestione commerciale<\/span><\/p>\t\t\t\t\t\t\t\t<\/div>\n\t\t\t\t<\/div>\n\t\t\t\t<\/div>\n\t\t\t\t\t<\/div>\n\t\t\t\t<\/div>\n\t\t\t\t<\/div>","protected":false},"excerpt":{"rendered":"<p>Siamo il partner strategico che la tua attivit\u00e0 merita Il marchio Guscla nasce nel 2015, frutto della creazione di una startup per implementare un&#039;innovativa applicazione self-service per bar e ristoranti. Sebbene la startup nel 2015 sia diventata il marchio del Gruppo, i suoi inizi sono avvenuti molto pi\u00f9 tempo fa. Guscla opera [\u2026]<\/p>","protected":false},"author":1,"featured_media":0,"parent":0,"menu_order":0,"comment_status":"closed","ping_status":"closed","template":"","meta":{"inline_featured_image":false,"site-sidebar-layout":"no-sidebar","site-content-layout":"page-builder","ast-site-content-layout":"full-width-container","site-content-style":"default","site-sidebar-style":"default","ast-global-header-display":"","ast-banner-title-visibility":"","ast-main-header-display":"","ast-hfb-above-header-display":"","ast-hfb-below-header-display":"","ast-hfb-mobile-header-display":"","site-post-title":"disabled","ast-breadcrumbs-content":"","ast-featured-img":"disabled","footer-sml-layout":"","theme-transparent-header-meta":"default","adv-header-id-meta":"","stick-header-meta":"default","header-above-stick-meta":"","header-main-stick-meta":"","header-below-stick-meta":"","astra-migrate-meta-layouts":"set","ast-page-background-enabled":"default","ast-page-background-meta":{"desktop":{"background-color":"","background-image":"","background-repeat":"repeat","background-position":"center center","background-size":"auto","background-attachment":"scroll","background-type":"","background-media":"","overlay-type":"","overlay-color":"","overlay-opacity":"","overlay-gradient":""},"tablet":{"background-color":"","background-image":"","background-repeat":"repeat","background-position":"center center","background-size":"auto","background-attachment":"scroll","background-type":"","background-media":"","overlay-type":"","overlay-color":"","overlay-opacity":"","overlay-gradient":""},"mobile":{"background-color":"","background-image":"","background-repeat":"repeat","background-position":"center center","background-size":"auto","background-attachment":"scroll","background-type":"","background-media":"","overlay-type":"","overlay-color":"","overlay-opacity":"","overlay-gradient":""}},"ast-content-background-meta":{"desktop":{"background-color":"var(--ast-global-color-5)","background-image":"","background-repeat":"repeat","background-position":"center center","background-size":"auto","background-attachment":"scroll","background-type":"","background-media":"","overlay-type":"","overlay-color":"","overlay-opacity":"","overlay-gradient":""},"tablet":{"background-color":"var(--ast-global-color-5)","background-image":"","background-repeat":"repeat","background-position":"center center","background-size":"auto","background-attachment":"scroll","background-type":"","background-media":"","overlay-type":"","overlay-color":"","overlay-opacity":"","overlay-gradient":""},"mobile":{"background-color":"var(--ast-global-color-5)","background-image":"","background-repeat":"repeat","background-position":"center center","background-size":"auto","background-attachment":"scroll","background-type":"","background-media":"","overlay-type":"","overlay-color":"","overlay-opacity":"","overlay-gradient":""}},"_joinchat":[],"footnotes":""},"class_list":["post-874","page","type-page","status-publish","hentry"],"_links":{"self":[{"href":"https:\/\/guscla.com\/it\/wp-json\/wp\/v2\/pages\/874","targetHints":{"allow":["GET"]}}],"collection":[{"href":"https:\/\/guscla.com\/it\/wp-json\/wp\/v2\/pages"}],"about":[{"href":"https:\/\/guscla.com\/it\/wp-json\/wp\/v2\/types\/page"}],"author":[{"embeddable":true,"href":"https:\/\/guscla.com\/it\/wp-json\/wp\/v2\/users\/1"}],"replies":[{"embeddable":true,"href":"https:\/\/guscla.com\/it\/wp-json\/wp\/v2\/comments?post=874"}],"version-history":[{"count":94,"href":"https:\/\/guscla.com\/it\/wp-json\/wp\/v2\/pages\/874\/revisions"}],"predecessor-version":[{"id":1484,"href":"https:\/\/guscla.com\/it\/wp-json\/wp\/v2\/pages\/874\/revisions\/1484"}],"wp:attachment":[{"href":"https:\/\/guscla.com\/it\/wp-json\/wp\/v2\/media?parent=874"}],"curies":[{"name":"wp","href":"https:\/\/api.w.org\/{rel}","templated":true}]}}