{"id":876,"date":"2024-02-22T17:00:55","date_gmt":"2024-02-22T20:00:55","guid":{"rendered":"https:\/\/guscla.com\/?page_id=876"},"modified":"2024-04-05T13:02:24","modified_gmt":"2024-04-05T16:02:24","slug":"blog","status":"publish","type":"page","link":"https:\/\/guscla.com\/es\/blog\/","title":{"rendered":"Blog"},"content":{"rendered":"<div data-elementor-type=\"wp-page\" data-elementor-id=\"876\" class=\"elementor elementor-876\" data-elementor-post-type=\"page\">\n\t\t\t\t<div class=\"elementor-element elementor-element-6489fa7 e-con-full e-flex e-con e-parent\" data-id=\"6489fa7\" data-element_type=\"container\" data-settings=\"{&quot;background_background&quot;:&quot;classic&quot;}\">\n\t\t<div class=\"elementor-element elementor-element-42d6d07 e-con-full e-flex e-con e-child\" data-id=\"42d6d07\" data-element_type=\"container\">\n\t\t\t\t<div class=\"elementor-element elementor-element-86e4f54 elementor-invisible elementor-widget elementor-widget-heading\" data-id=\"86e4f54\" data-element_type=\"widget\" data-settings=\"{&quot;_animation&quot;:&quot;fadeInDown&quot;}\" data-widget_type=\"heading.default\">\n\t\t\t\t<div class=\"elementor-widget-container\">\n\t\t\t\t\t<h2 class=\"elementor-heading-title elementor-size-default\">El blog de Guscla<\/h2>\t\t\t\t<\/div>\n\t\t\t\t<\/div>\n\t\t\t\t<\/div>\n\t\t<div class=\"elementor-element elementor-element-8db0049 e-con-full e-flex e-con e-child\" data-id=\"8db0049\" data-element_type=\"container\">\n\t\t\t\t<div class=\"elementor-element elementor-element-4e6d7ce elementor-invisible elementor-widget elementor-widget-image\" data-id=\"4e6d7ce\" data-element_type=\"widget\" data-settings=\"{&quot;_animation&quot;:&quot;slideInRight&quot;}\" data-widget_type=\"image.default\">\n\t\t\t\t<div class=\"elementor-widget-container\">\n\t\t\t\t\t\t\t\t\t\t\t\t\t\t\t<img fetchpriority=\"high\" decoding=\"async\" width=\"964\" height=\"967\" src=\"https:\/\/guscla.com\/wp-content\/uploads\/2024\/02\/blog.png\" class=\"elementor-animation-shrink attachment-large size-large wp-image-1041\" alt=\"\" srcset=\"https:\/\/guscla.com\/wp-content\/uploads\/2024\/02\/blog.png 964w, https:\/\/guscla.com\/wp-content\/uploads\/2024\/02\/blog-300x300.png 300w, https:\/\/guscla.com\/wp-content\/uploads\/2024\/02\/blog-150x150.png 150w, https:\/\/guscla.com\/wp-content\/uploads\/2024\/02\/blog-768x770.png 768w\" sizes=\"(max-width: 964px) 100vw, 964px\" \/>\t\t\t\t\t\t\t\t\t\t\t\t\t\t\t<\/div>\n\t\t\t\t<\/div>\n\t\t\t\t<\/div>\n\t\t\t\t<\/div>\n\t\t<div class=\"elementor-element elementor-element-fffcc5e e-flex e-con-boxed e-con e-parent\" data-id=\"fffcc5e\" data-element_type=\"container\">\n\t\t\t\t\t<div class=\"e-con-inner\">\n\t\t\t\t<div class=\"elementor-element elementor-element-1d18384 elementor-grid-2 elementor-grid-tablet-2 elementor-grid-mobile-1 elementor-posts--thumbnail-top elementor-card-shadow-yes elementor-posts__hover-gradient elementor-widget elementor-widget-posts\" data-id=\"1d18384\" data-element_type=\"widget\" data-settings=\"{&quot;cards_columns&quot;:&quot;2&quot;,&quot;cards_masonry&quot;:&quot;yes&quot;,&quot;cards_columns_tablet&quot;:&quot;2&quot;,&quot;cards_columns_mobile&quot;:&quot;1&quot;,&quot;cards_row_gap&quot;:{&quot;unit&quot;:&quot;px&quot;,&quot;size&quot;:35,&quot;sizes&quot;:[]},&quot;cards_row_gap_tablet&quot;:{&quot;unit&quot;:&quot;px&quot;,&quot;size&quot;:&quot;&quot;,&quot;sizes&quot;:[]},&quot;cards_row_gap_mobile&quot;:{&quot;unit&quot;:&quot;px&quot;,&quot;size&quot;:&quot;&quot;,&quot;sizes&quot;:[]}}\" data-widget_type=\"posts.cards\">\n\t\t\t\t<div class=\"elementor-widget-container\">\n\t\t\t\t\t\t\t<div class=\"elementor-posts-container elementor-posts elementor-posts--skin-cards elementor-grid\" role=\"list\">\n\t\t\t\t<article class=\"elementor-post elementor-grid-item post-1445 post type-post status-publish format-standard has-post-thumbnail hentry category-sem-categoria tag-artificial tag-business tag-inteligence\" role=\"listitem\">\n\t\t\t<div class=\"elementor-post__card\">\n\t\t\t\t<a class=\"elementor-post__thumbnail__link\" href=\"https:\/\/guscla.com\/es\/business-intelligence\/\" tabindex=\"-1\" ><div class=\"elementor-post__thumbnail\"><img decoding=\"async\" width=\"1000\" height=\"759\" src=\"https:\/\/guscla.com\/wp-content\/uploads\/2024\/04\/2150970180.jpg\" class=\"attachment-large size-large wp-image-1446\" alt=\"\" srcset=\"https:\/\/guscla.com\/wp-content\/uploads\/2024\/04\/2150970180.jpg 1000w, https:\/\/guscla.com\/wp-content\/uploads\/2024\/04\/2150970180-300x228.jpg 300w, https:\/\/guscla.com\/wp-content\/uploads\/2024\/04\/2150970180-768x583.jpg 768w, https:\/\/guscla.com\/wp-content\/uploads\/2024\/04\/2150970180-16x12.jpg 16w\" sizes=\"(max-width: 1000px) 100vw, 1000px\" \/><\/div><\/a>\n\t\t\t\t<div class=\"elementor-post__text\">\n\t\t\t\t<h3 class=\"elementor-post__title\">\n\t\t\t<a href=\"https:\/\/guscla.com\/es\/business-intelligence\/\" >\n\t\t\t\tInteligencia de Negocio\t\t\t<\/a>\n\t\t<\/h3>\n\t\t\t\t<div class=\"elementor-post__excerpt\">\n\t\t\t<p>Business Intelligence es un t\u00e9rmino muy completo que cubre procesos y m\u00e9todos de recopilaci\u00f3n, almacenamiento y an\u00e1lisis de datos de operaciones o actividades. El objetivo principal es optimizar el rendimiento empresarial, tanto en tiempo real como en la toma de decisiones y planificaci\u00f3n a medio y largo plazo. Este t\u00e9rmino apareci\u00f3 alrededor de 1960.<\/p>\n\t\t<\/div>\n\t\t\n\t\t<a class=\"elementor-post__read-more\" href=\"https:\/\/guscla.com\/es\/business-intelligence\/\" aria-label=\"M\u00e1s informaci\u00f3n sobre Business Intelligence\" tabindex=\"-1\" >\n\t\t\tLea mas &quot;\t\t<\/a>\n\n\t\t\t\t<\/div>\n\t\t\t\t<div class=\"elementor-post__meta-data\">\n\t\t\t\t\t<span class=\"elementor-post-date\">\n\t\t\t9 de abril de 2024\t\t<\/span>\n\t\t\t\t<span class=\"elementor-post-avatar\">\n\t\t\tNo hay comentarios\t\t<\/span>\n\t\t\t\t<\/div>\n\t\t\t\t\t<\/div>\n\t\t<\/article>\n\t\t\t\t<article class=\"elementor-post elementor-grid-item post-1055 post type-post status-publish format-standard has-post-thumbnail hentry category-sem-categoria\" role=\"listitem\">\n\t\t\t<div class=\"elementor-post__card\">\n\t\t\t\t<a class=\"elementor-post__thumbnail__link\" href=\"https:\/\/guscla.com\/es\/micro-servicos-por-que-e-melhor-que-modelos-tradicionais\/\" tabindex=\"-1\" ><div class=\"elementor-post__thumbnail\"><img decoding=\"async\" width=\"1000\" height=\"667\" src=\"https:\/\/guscla.com\/wp-content\/uploads\/2024\/02\/micro-1.png\" class=\"attachment-large size-large wp-image-1162\" alt=\"\" srcset=\"https:\/\/guscla.com\/wp-content\/uploads\/2024\/02\/micro-1.png 1000w, https:\/\/guscla.com\/wp-content\/uploads\/2024\/02\/micro-1-300x200.png 300w, https:\/\/guscla.com\/wp-content\/uploads\/2024\/02\/micro-1-768x512.png 768w, https:\/\/guscla.com\/wp-content\/uploads\/2024\/02\/micro-1-272x182.png 272w\" sizes=\"(max-width: 1000px) 100vw, 1000px\" \/><\/div><\/a>\n\t\t\t\t<div class=\"elementor-post__text\">\n\t\t\t\t<h3 class=\"elementor-post__title\">\n\t\t\t<a href=\"https:\/\/guscla.com\/es\/micro-servicos-por-que-e-melhor-que-modelos-tradicionais\/\" >\n\t\t\t\tMicroservicios: \u00bfpor qu\u00e9 son mejores que los modelos tradicionales?\t\t\t<\/a>\n\t\t<\/h3>\n\t\t\t\t<div class=\"elementor-post__excerpt\">\n\t\t\t<p>Microservicios, del ingl\u00e9s microservices, es una arquitectura para escribir programas de software. Con ellos, las aplicaciones se dividen en componentes m\u00ednimos e independientes. A diferencia del enfoque monol\u00edtico tradicional donde toda la aplicaci\u00f3n se crea como un solo bloque, los microservicios son componentes separados que trabajan juntos para realizar las mismas tareas.<\/p>\n\t\t<\/div>\n\t\t\n\t\t<a class=\"elementor-post__read-more\" href=\"https:\/\/guscla.com\/es\/micro-servicos-por-que-e-melhor-que-modelos-tradicionais\/\" aria-label=\"M\u00e1s informaci\u00f3n sobre Micro servi\u00e7os &#8211; Por que \u00e9 melhor que modelos tradicionais?\" tabindex=\"-1\" >\n\t\t\tLea mas &quot;\t\t<\/a>\n\n\t\t\t\t<\/div>\n\t\t\t\t<div class=\"elementor-post__meta-data\">\n\t\t\t\t\t<span class=\"elementor-post-date\">\n\t\t\t22 de febrero de 2024\t\t<\/span>\n\t\t\t\t<span class=\"elementor-post-avatar\">\n\t\t\tNo hay comentarios\t\t<\/span>\n\t\t\t\t<\/div>\n\t\t\t\t\t<\/div>\n\t\t<\/article>\n\t\t\t\t<article class=\"elementor-post elementor-grid-item post-1024 post type-post status-publish format-standard has-post-thumbnail hentry category-sem-categoria\" role=\"listitem\">\n\t\t\t<div class=\"elementor-post__card\">\n\t\t\t\t<a class=\"elementor-post__thumbnail__link\" href=\"https:\/\/guscla.com\/es\/cfo-chief-financial-officer-qual-o-entendimento-para-a-terceirizacao\/\" tabindex=\"-1\" ><div class=\"elementor-post__thumbnail\"><img loading=\"lazy\" decoding=\"async\" width=\"1000\" height=\"667\" src=\"https:\/\/guscla.com\/wp-content\/uploads\/2024\/02\/chief.jpg\" class=\"attachment-large size-large wp-image-1030\" alt=\"\" srcset=\"https:\/\/guscla.com\/wp-content\/uploads\/2024\/02\/chief.jpg 1000w, https:\/\/guscla.com\/wp-content\/uploads\/2024\/02\/chief-300x200.jpg 300w, https:\/\/guscla.com\/wp-content\/uploads\/2024\/02\/chief-768x512.jpg 768w, https:\/\/guscla.com\/wp-content\/uploads\/2024\/02\/chief-272x182.jpg 272w\" sizes=\"(max-width: 1000px) 100vw, 1000px\" \/><\/div><\/a>\n\t\t\t\t<div class=\"elementor-post__text\">\n\t\t\t\t<h3 class=\"elementor-post__title\">\n\t\t\t<a href=\"https:\/\/guscla.com\/es\/cfo-chief-financial-officer-qual-o-entendimento-para-a-terceirizacao\/\" >\n\t\t\t\tCFO (Director Financiero) \u2013 \u00bfQu\u00e9 se entiende por subcontrataci\u00f3n?\t\t\t<\/a>\n\t\t<\/h3>\n\t\t\t\t<div class=\"elementor-post__excerpt\">\n\t\t\t<p>La adopci\u00f3n de t\u00e9rminos en ingl\u00e9s es parte de nuestra cultura. Siempre que lo pienso, recuerdo la palabra que aprend\u00ed primero en ingl\u00e9s y luego descubr\u00ed que ya formaba parte de nuestro vocabulario y ya estaba bien adaptada: Randomized, que obviamente proviene del ingl\u00e9s Random. Por supuesto, los m\u00e9todos aleatorios y personalizados existen desde hace d\u00e9cadas.<\/p>\n\t\t<\/div>\n\t\t\n\t\t<a class=\"elementor-post__read-more\" href=\"https:\/\/guscla.com\/es\/cfo-chief-financial-officer-qual-o-entendimento-para-a-terceirizacao\/\" aria-label=\"M\u00e1s informaci\u00f3n sobre CFO (Chief Financial Officer) &#8211; Qual o entendimento para a terceiriza\u00e7\u00e3o?\" tabindex=\"-1\" >\n\t\t\tLea mas &quot;\t\t<\/a>\n\n\t\t\t\t<\/div>\n\t\t\t\t<div class=\"elementor-post__meta-data\">\n\t\t\t\t\t<span class=\"elementor-post-date\">\n\t\t\t22 de febrero de 2024\t\t<\/span>\n\t\t\t\t<span class=\"elementor-post-avatar\">\n\t\t\tNo hay comentarios\t\t<\/span>\n\t\t\t\t<\/div>\n\t\t\t\t\t<\/div>\n\t\t<\/article>\n\t\t\t\t<\/div>\n\t\t\n\t\t\t\t\t\t<\/div>\n\t\t\t\t<\/div>\n\t\t\t\t\t<\/div>\n\t\t\t\t<\/div>\n\t\t\t\t<\/div>","protected":false},"excerpt":{"rendered":"<p>El blog de Guscla<\/p>","protected":false},"author":1,"featured_media":0,"parent":0,"menu_order":0,"comment_status":"closed","ping_status":"closed","template":"","meta":{"inline_featured_image":false,"site-sidebar-layout":"no-sidebar","site-content-layout":"page-builder","ast-site-content-layout":"full-width-container","site-content-style":"default","site-sidebar-style":"default","ast-global-header-display":"","ast-banner-title-visibility":"","ast-main-header-display":"","ast-hfb-above-header-display":"","ast-hfb-below-header-display":"","ast-hfb-mobile-header-display":"","site-post-title":"disabled","ast-breadcrumbs-content":"","ast-featured-img":"disabled","footer-sml-layout":"","theme-transparent-header-meta":"default","adv-header-id-meta":"","stick-header-meta":"default","header-above-stick-meta":"","header-main-stick-meta":"","header-below-stick-meta":"","astra-migrate-meta-layouts":"set","ast-page-background-enabled":"default","ast-page-background-meta":{"desktop":{"background-color":"","background-image":"","background-repeat":"repeat","background-position":"center center","background-size":"auto","background-attachment":"scroll","background-type":"","background-media":"","overlay-type":"","overlay-color":"","overlay-opacity":"","overlay-gradient":""},"tablet":{"background-color":"","background-image":"","background-repeat":"repeat","background-position":"center center","background-size":"auto","background-attachment":"scroll","background-type":"","background-media":"","overlay-type":"","overlay-color":"","overlay-opacity":"","overlay-gradient":""},"mobile":{"background-color":"","background-image":"","background-repeat":"repeat","background-position":"center center","background-size":"auto","background-attachment":"scroll","background-type":"","background-media":"","overlay-type":"","overlay-color":"","overlay-opacity":"","overlay-gradient":""}},"ast-content-background-meta":{"desktop":{"background-color":"var(--ast-global-color-5)","background-image":"","background-repeat":"repeat","background-position":"center center","background-size":"auto","background-attachment":"scroll","background-type":"","background-media":"","overlay-type":"","overlay-color":"","overlay-opacity":"","overlay-gradient":""},"tablet":{"background-color":"var(--ast-global-color-5)","background-image":"","background-repeat":"repeat","background-position":"center center","background-size":"auto","background-attachment":"scroll","background-type":"","background-media":"","overlay-type":"","overlay-color":"","overlay-opacity":"","overlay-gradient":""},"mobile":{"background-color":"var(--ast-global-color-5)","background-image":"","background-repeat":"repeat","background-position":"center center","background-size":"auto","background-attachment":"scroll","background-type":"","background-media":"","overlay-type":"","overlay-color":"","overlay-opacity":"","overlay-gradient":""}},"_joinchat":[],"footnotes":""},"class_list":["post-876","page","type-page","status-publish","hentry"],"_links":{"self":[{"href":"https:\/\/guscla.com\/es\/wp-json\/wp\/v2\/pages\/876","targetHints":{"allow":["GET"]}}],"collection":[{"href":"https:\/\/guscla.com\/es\/wp-json\/wp\/v2\/pages"}],"about":[{"href":"https:\/\/guscla.com\/es\/wp-json\/wp\/v2\/types\/page"}],"author":[{"embeddable":true,"href":"https:\/\/guscla.com\/es\/wp-json\/wp\/v2\/users\/1"}],"replies":[{"embeddable":true,"href":"https:\/\/guscla.com\/es\/wp-json\/wp\/v2\/comments?post=876"}],"version-history":[{"count":13,"href":"https:\/\/guscla.com\/es\/wp-json\/wp\/v2\/pages\/876\/revisions"}],"predecessor-version":[{"id":1440,"href":"https:\/\/guscla.com\/es\/wp-json\/wp\/v2\/pages\/876\/revisions\/1440"}],"wp:attachment":[{"href":"https:\/\/guscla.com\/es\/wp-json\/wp\/v2\/media?parent=876"}],"curies":[{"name":"wp","href":"https:\/\/api.w.org\/{rel}","templated":true}]}}